{"id":823,"date":"2019-06-28T15:22:02","date_gmt":"2019-06-28T19:22:02","guid":{"rendered":"https:\/\/foreman.ubishops.ca\/pour-nous-joindre\/"},"modified":"2024-10-04T15:53:59","modified_gmt":"2024-10-04T19:53:59","slug":"pour-nous-joindre","status":"publish","type":"page","link":"https:\/\/foreman.ubishops.ca\/fr\/pour-nous-joindre\/","title":{"rendered":"Nous joindre"},"content":{"rendered":"<p>[et_pb_section fb_built=\u00a0\u00bb1&Prime; fullwidth=\u00a0\u00bbon\u00a0\u00bb _builder_version=\u00a0\u00bb4.16&Prime; _module_preset=\u00a0\u00bbdefault\u00a0\u00bb global_colors_info=\u00a0\u00bb{}\u00a0\u00bb][et_pb_fullwidth_code _builder_version=\u00a0\u00bb4.16&Prime; _module_preset=\u00a0\u00bbdefault\u00a0\u00bb global_colors_info=\u00a0\u00bb{}\u00a0\u00bb]<iframe src=\"https:\/\/www.google.com\/maps\/embed?pb=!1m14!1m8!1m3!1d11212.79870250432!2d-71.8468577!3d45.3649656!3m2!1i1024!2i768!4f13.1!3m3!1m2!1s0x0%3A0xcb30b0669b2da353!2sForeman%20Art%20Gallery%20of%20Bishop&#39;s%20University!5e0!3m2!1sfr!2sca!4v1625161873981!5m2!1sfr!2sca\" width=\"1980\" height=\"600\" style=\"border:0;\" allowfullscreen=\"\" loading=\"lazy\"><\/iframe>[\/et_pb_fullwidth_code][\/et_pb_section][et_pb_section fb_built=\u00a0\u00bb1&Prime; admin_label=\u00a0\u00bbContact Us\u00a0\u00bb _builder_version=\u00a0\u00bb4.19.5&Prime; background_color=\u00a0\u00bb#ffffff\u00a0\u00bb top_divider_color=\u00a0\u00bb#edf000&Prime; top_divider_flip=\u00a0\u00bbvertical|horizontal\u00a0\u00bb top_divider_arrangement=\u00a0\u00bbabove_content\u00a0\u00bb collapsed=\u00a0\u00bbon\u00a0\u00bb global_colors_info=\u00a0\u00bb{}\u00a0\u00bb][et_pb_row admin_label=\u00a0\u00bbAdresse principale \u00a0\u00bb _builder_version=\u00a0\u00bb4.19.5&Prime; collapsed=\u00a0\u00bboff\u00a0\u00bb global_colors_info=\u00a0\u00bb{}\u00a0\u00bb][et_pb_column type=\u00a0\u00bb4_4&Prime; _builder_version=\u00a0\u00bb4.16&Prime; custom_padding=\u00a0\u00bb|||\u00a0\u00bb global_colors_info=\u00a0\u00bb{}\u00a0\u00bb custom_padding__hover=\u00a0\u00bb|||\u00a0\u00bb][et_pb_text admin_label=\u00a0\u00bbAddress\u00a0\u00bb _builder_version=\u00a0\u00bb4.19.5&Prime; text_font_size=\u00a0\u00bb16px\u00a0\u00bb global_colors_info=\u00a0\u00bb{}\u00a0\u00bb]<\/p>\n<h3 style=\"text-align: center;\">GALERIE D&rsquo;ART FOREMAN DE L&rsquo;UNIVERSIT\u00c9 BISHOP&rsquo;S<\/h3>\n<h3 style=\"text-align: center;\">2600 Rue College, Sherbrooke, QC J1M 1Z7, CANADA<\/h3>\n<p>&nbsp;<\/p>\n<h3>Courriel : <span style=\"text-decoration: underline;\"><a href=\"&#x6d;&#x61;&#x69;&#108;&#116;o:&#x67;&#x61;&#x6c;&#108;&#101;ry&#x40;&#x75;&#x62;&#105;&#115;ho&#x70;&#x73;&#x2e;&#99;&#97;\">&#x67;&#x61;&#x6c;&#x6c;&#x65;&#x72;&#x79;&#64;&#117;&#98;&#105;&#115;hops&#x2e;&#x63;&#x61;<\/a><\/span><\/h3>\n<h3>T\u00e9l\u00e9phone : (819) 822-9600, poste 2260<\/h3>\n<h3>T\u00e9l\u00e9copieur : (819) 822-9703<\/h3>\n<h3>Site Web : <a href=\"https:\/\/foreman.ubishops.ca\/\">https:\/\/foreman.ubishops.ca\/ <\/a><\/h3>\n<p>[\/et_pb_text][\/et_pb_column][\/et_pb_row][et_pb_row _builder_version=\u00a0\u00bb4.19.5&Prime; _module_preset=\u00a0\u00bbdefault\u00a0\u00bb global_colors_info=\u00a0\u00bb{}\u00a0\u00bb][et_pb_column type=\u00a0\u00bb4_4&Prime; _builder_version=\u00a0\u00bb4.19.5&Prime; _module_preset=\u00a0\u00bbdefault\u00a0\u00bb global_colors_info=\u00a0\u00bb{}\u00a0\u00bb][et_pb_divider _builder_version=\u00a0\u00bb4.19.5&Prime; _module_preset=\u00a0\u00bbdefault\u00a0\u00bb global_colors_info=\u00a0\u00bb{}\u00a0\u00bb][\/et_pb_divider][\/et_pb_column][\/et_pb_row][et_pb_row admin_label=\u00a0\u00bbGalerie d&rsquo;art Foreman\u00a0\u00bb _builder_version=\u00a0\u00bb4.19.5&Prime; background_color=\u00a0\u00bbrgba(0,0,0,0)\u00a0\u00bb custom_margin=\u00a0\u00bb0px||||false|false\u00a0\u00bb custom_padding=\u00a0\u00bb0px||0px||true|false\u00a0\u00bb collapsed=\u00a0\u00bboff\u00a0\u00bb global_colors_info=\u00a0\u00bb{}\u00a0\u00bb][et_pb_column type=\u00a0\u00bb4_4&Prime; _builder_version=\u00a0\u00bb4.16&Prime; custom_padding=\u00a0\u00bb|||\u00a0\u00bb global_colors_info=\u00a0\u00bb{}\u00a0\u00bb custom_padding__hover=\u00a0\u00bb|||\u00a0\u00bb][et_pb_text admin_label=\u00a0\u00bbForeman Art Gallery\u00a0\u00bb _builder_version=\u00a0\u00bb4.19.5&Prime; text_text_color=\u00a0\u00bb#6b6b6b\u00a0\u00bb text_font_size=\u00a0\u00bb17px\u00a0\u00bb header_text_color=\u00a0\u00bb#000000&Prime; header_3_text_color=\u00a0\u00bb#000000&Prime; header_5_text_color=\u00a0\u00bb#474747&Prime; header_5_font_size=\u00a0\u00bb18px\u00a0\u00bb custom_margin=\u00a0\u00bb0px|0px|0px|0px|true|true\u00a0\u00bb custom_padding=\u00a0\u00bb0px|0px|0px|0px|true|true\u00a0\u00bb global_colors_info=\u00a0\u00bb{}\u00a0\u00bb]<\/p>\n<h4><b>Galerie d&rsquo;art Foreman<\/b><\/h4>\n<p>[\/et_pb_text][\/et_pb_column][\/et_pb_row][et_pb_row admin_label=\u00a0\u00bbConservatrice adjointe\u00a0\u00bb _builder_version=\u00a0\u00bb4.19.5&Prime; custom_margin=\u00a0\u00bb0px||0px||true|false\u00a0\u00bb collapsed=\u00a0\u00bboff\u00a0\u00bb global_colors_info=\u00a0\u00bb{}\u00a0\u00bb][et_pb_column type=\u00a0\u00bb4_4&Prime; _builder_version=\u00a0\u00bb4.16&Prime; global_colors_info=\u00a0\u00bb{}\u00a0\u00bb][et_pb_text admin_label=\u00a0\u00bbContact Info\u00a0\u00bb _builder_version=\u00a0\u00bb4.19.5&Prime; text_font_size=\u00a0\u00bb16px\u00a0\u00bb header_font=\u00a0\u00bb||||||||\u00a0\u00bb header_font_size=\u00a0\u00bb18px\u00a0\u00bb header_letter_spacing=\u00a0\u00bb1px\u00a0\u00bb header_6_font=\u00a0\u00bb|||on|||||\u00a0\u00bb header_6_font_size=\u00a0\u00bb16px\u00a0\u00bb custom_margin=\u00a0\u00bb0px|0px|0px|30px|true|false\u00a0\u00bb custom_padding=\u00a0\u00bb0px|0px|0px|0px|true|true\u00a0\u00bb global_colors_info=\u00a0\u00bb{}\u00a0\u00bb]<\/p>\n<h5><strong>Gentiane B\u00e9langer | Directrice-conservatrice<\/strong><\/h5>\n<p>Courriel : <a title=\"&#109;&#x61;i&#x6c;&#x74;&#111;&#x3a;g&#101;&#x6e;&#116;&#x69;a&#110;&#x65;&#46;&#x62;e&#108;&#x61;n&#x67;&#x65;&#114;&#x40;u&#98;&#x69;&#115;&#x68;o&#112;&#x73;&#46;&#x63;a\" href=\"&#109;&#x61;i&#108;&#x74;o&#x3a;&#x67;&#101;&#x6e;t&#105;&#x61;n&#101;&#x2e;&#98;&#x65;l&#97;&#x6e;g&#101;&#x72;&#64;&#x75;&#x62;&#105;&#x73;h&#111;&#x70;s&#x2e;&#x63;&#97;\">&#x67;&#x65;&#110;&#116;ia&#x6e;&#x65;&#x2e;&#98;el&#x61;&#x6e;&#x67;&#101;&#114;&#64;&#x75;&#x62;&#x69;&#115;&#104;o&#x70;&#x73;&#x2e;&#99;&#97;<\/a><\/p>\n<p>T\u00e9l\u00e9phone : (819) 822-9600, poste 2687<\/p>\n<p>[\/et_pb_text][\/et_pb_column][\/et_pb_row][et_pb_row _builder_version=\u00a0\u00bb4.19.5&Prime; _module_preset=\u00a0\u00bbdefault\u00a0\u00bb global_colors_info=\u00a0\u00bb{}\u00a0\u00bb][et_pb_column type=\u00a0\u00bb4_4&Prime; _builder_version=\u00a0\u00bb4.19.5&Prime; _module_preset=\u00a0\u00bbdefault\u00a0\u00bb global_colors_info=\u00a0\u00bb{}\u00a0\u00bb][et_pb_text admin_label=\u00a0\u00bbContact Info\u00a0\u00bb _builder_version=\u00a0\u00bb4.19.5&Prime; text_font_size=\u00a0\u00bb16px\u00a0\u00bb header_font=\u00a0\u00bb||||||||\u00a0\u00bb header_font_size=\u00a0\u00bb18px\u00a0\u00bb header_letter_spacing=\u00a0\u00bb1px\u00a0\u00bb header_6_font=\u00a0\u00bb|||on|||||\u00a0\u00bb header_6_font_size=\u00a0\u00bb16px\u00a0\u00bb custom_margin=\u00a0\u00bb0px|0px|0px|30px|true|false\u00a0\u00bb custom_padding=\u00a0\u00bb0px|0px|0px|0px|true|true\u00a0\u00bb global_colors_info=\u00a0\u00bb{}\u00a0\u00bb]<\/p>\n<h5><strong>Ang\u00e9lie Vermette | Assistante administrative<\/strong><\/h5>\n<p>Courriel : <a title=\"&#109;&#x61;i&#108;&#x74;o&#58;&#x67;e&#110;&#x74;i&#97;&#x6e;e&#46;&#x62;e&#108;&#x61;n&#103;&#x65;r&#64;&#x75;b&#105;&#x73;h&#111;&#x70;s&#x2e;&#x63;a\" href=\"mailto:gentiane&#46;belanger&#64;&#117;&#98;&#105;&#115;&#104;&#111;&#112;&#115;&#46;&#99;&#97;\">a&#118;&#101;&#x72;&#x6d;&#x65;t&#116;&#64;&#x75;&#x62;&#x69;sh&#111;&#x70;&#x73;&#x2e;ca<\/a><\/p>\n<p>T\u00e9l\u00e9phone : (819) 822-9600, poste 2260<\/p>\n<p>[\/et_pb_text][\/et_pb_column][\/et_pb_row][et_pb_row admin_label=\u00a0\u00bbLaboratoire communautaire d&rsquo;art\u00a0\u00bb _builder_version=\u00a0\u00bb4.19.5&Prime; custom_margin=\u00a0\u00bb0px||||false|false\u00a0\u00bb custom_padding=\u00a0\u00bb0px||0px||true|false\u00a0\u00bb collapsed=\u00a0\u00bboff\u00a0\u00bb global_colors_info=\u00a0\u00bb{}\u00a0\u00bb][et_pb_column type=\u00a0\u00bb4_4&Prime; _builder_version=\u00a0\u00bb4.16&Prime; custom_padding=\u00a0\u00bb|||\u00a0\u00bb global_colors_info=\u00a0\u00bb{}\u00a0\u00bb custom_padding__hover=\u00a0\u00bb|||\u00a0\u00bb][et_pb_divider _builder_version=\u00a0\u00bb4.19.5&Prime; _module_preset=\u00a0\u00bbdefault\u00a0\u00bb global_colors_info=\u00a0\u00bb{}\u00a0\u00bb][\/et_pb_divider][et_pb_text admin_label=\u00a0\u00bbCommunity Art Lab\u00a0\u00bb _builder_version=\u00a0\u00bb4.19.5&Prime; text_text_color=\u00a0\u00bb#6b6b6b\u00a0\u00bb text_font_size=\u00a0\u00bb17px\u00a0\u00bb header_text_color=\u00a0\u00bb#000000&Prime; header_3_text_color=\u00a0\u00bb#000000&Prime; header_5_text_color=\u00a0\u00bb#474747&Prime; header_5_font_size=\u00a0\u00bb18px\u00a0\u00bb custom_margin=\u00a0\u00bb0px|0px|0px|0px|true|true\u00a0\u00bb custom_padding=\u00a0\u00bb0px|0px|0px|0px|true|true\u00a0\u00bb global_colors_info=\u00a0\u00bb{}\u00a0\u00bb]<\/p>\n<h4><b>Laboratoire communautaire d&rsquo;art<\/b><\/h4>\n<p>[\/et_pb_text][\/et_pb_column][\/et_pb_row][et_pb_row admin_label=\u00a0\u00bbConservatrice adjointe\u00a0\u00bb _builder_version=\u00a0\u00bb4.19.5&Prime; custom_margin=\u00a0\u00bb0px||0px||true|false\u00a0\u00bb collapsed=\u00a0\u00bboff\u00a0\u00bb global_colors_info=\u00a0\u00bb{}\u00a0\u00bb][et_pb_column type=\u00a0\u00bb4_4&Prime; _builder_version=\u00a0\u00bb4.16&Prime; global_colors_info=\u00a0\u00bb{}\u00a0\u00bb][et_pb_text admin_label=\u00a0\u00bbContact Info\u00a0\u00bb _builder_version=\u00a0\u00bb4.19.5&Prime; text_font_size=\u00a0\u00bb16px\u00a0\u00bb header_font=\u00a0\u00bb||||||||\u00a0\u00bb header_font_size=\u00a0\u00bb18px\u00a0\u00bb header_letter_spacing=\u00a0\u00bb1px\u00a0\u00bb header_6_font=\u00a0\u00bb|||on|||||\u00a0\u00bb header_6_font_size=\u00a0\u00bb16px\u00a0\u00bb custom_margin=\u00a0\u00bb0px|0px|0px|30px|true|false\u00a0\u00bb custom_padding=\u00a0\u00bb0px|0px|0px|0px|true|true\u00a0\u00bb global_colors_info=\u00a0\u00bb{}\u00a0\u00bb]<\/p>\n<h5><strong>Camila V\u00e1squez | Coordonnatrice ArtLab<\/strong><\/h5>\n<p>Courriel : <a href=\"ma&#105;&#108;&#x74;&#x6f;&#x3a;&#x61;rt&#108;&#97;&#x62;&#x40;&#x75;&#x62;is&#104;&#111;&#112;&#x73;&#x2e;&#x63;&#x61;\">a&#114;&#x74;&#x6c;a&#98;&#x40;&#x75;b&#105;&#115;&#x68;&#x6f;p&#115;&#x2e;&#x63;a<\/a><\/p>\n<p>T\u00e9l\u00e9phone : (819) 822-9600, poste 2279<\/p>\n<p>[\/et_pb_text][\/et_pb_column][\/et_pb_row][et_pb_row disabled_on=\u00a0\u00bboff|off|off\u00a0\u00bb admin_label=\u00a0\u00bbConservatrice adjointe\u00a0\u00bb _builder_version=\u00a0\u00bb4.19.5&Prime; custom_margin=\u00a0\u00bb0px||0px||true|false\u00a0\u00bb collapsed=\u00a0\u00bboff\u00a0\u00bb global_colors_info=\u00a0\u00bb{}\u00a0\u00bb][et_pb_column type=\u00a0\u00bb4_4&Prime; _builder_version=\u00a0\u00bb4.16&Prime; global_colors_info=\u00a0\u00bb{}\u00a0\u00bb][et_pb_text admin_label=\u00a0\u00bbContact Info\u00a0\u00bb _builder_version=\u00a0\u00bb4.27.0&Prime; text_font_size=\u00a0\u00bb16px\u00a0\u00bb header_font=\u00a0\u00bb||||||||\u00a0\u00bb header_font_size=\u00a0\u00bb18px\u00a0\u00bb header_letter_spacing=\u00a0\u00bb1px\u00a0\u00bb header_6_font=\u00a0\u00bb|||on|||||\u00a0\u00bb header_6_font_size=\u00a0\u00bb16px\u00a0\u00bb custom_margin=\u00a0\u00bb0px|0px|0px|30px|true|false\u00a0\u00bb custom_padding=\u00a0\u00bb0px|0px|0px|0px|true|true\u00a0\u00bb hover_enabled=\u00a0\u00bb0&Prime; global_colors_info=\u00a0\u00bb{}\u00a0\u00bb sticky_enabled=\u00a0\u00bb0&Prime;]<\/p>\n<h5><strong>Esther Wiseman | Stagiaire \u00e0 la m\u00e9diation culturelle<\/strong><\/h5>\n<p>Courriel : <a href=\"m&#97;&#x69;&#x6c;t&#111;&#x3a;&#x61;r&#116;&#x6c;&#x61;b&#64;&#x75;&#x62;i&#115;&#x68;&#x6f;p&#115;&#46;&#x63;&#x61;\">&#97;&#x72;&#116;&#x6c;a&#x62;&#64;&#117;&#x62;&#105;&#x73;&#104;&#x6f;p&#x73;&#46;&#99;&#x61;<\/a><\/p>\n<p>T\u00e9l\u00e9phone : (819) 822-9600, poste 2279<\/p>\n<p>[\/et_pb_text][\/et_pb_column][\/et_pb_row][\/et_pb_section]<\/p>\n","protected":false},"excerpt":{"rendered":"<p>GALERIE D&rsquo;ART FOREMAN DE L&rsquo;UNIVERSIT\u00c9 BISHOP&rsquo;S 2600 Rue College, Sherbrooke, QC J1M 1Z7, CANADA &nbsp; Courriel : &#x67;&#x61;&#x6c;&#x6c;&#x65;&#x72;&#x79;&#x40;&#x75;&#x62;&#x69;&#x73;&#x68;&#x6f;&#x70;&#x73;&#x2e;&#x63;&#x61; T\u00e9l\u00e9phone : (819) 822-9600, poste 2260 T\u00e9l\u00e9copieur : (819) 822-9703 Site Web : https:\/\/foreman.ubishops.ca\/ Galerie d&rsquo;art ForemanGentiane B\u00e9langer | Directrice-conservatrice Courriel : &#x67;e&#x6e;&#116;&#x69;&#97;&#x6e;&#x65;&#46;&#x62;&#101;&#x6c;&#97;&#x6e;&#103;e&#x72;&#64;&#x75;&#98;&#x69;&#115;h&#x6f;&#112;&#x73;&#46;&#x63;&#97; T\u00e9l\u00e9phone : (819) 822-9600, poste 2687Ang\u00e9lie Vermette | Assistante administrative Courriel : a&#118;&#x65;&#x72;&#x6d;e&#116;&#x74;&#x40;&#x75;b&#105;&#x73;&#x68;&#x6f;p&#115;&#x2e;&#x63;&#x61; T\u00e9l\u00e9phone [&hellip;]<\/p>\n","protected":false},"author":15,"featured_media":0,"parent":0,"menu_order":9,"comment_status":"closed","ping_status":"closed","template":"","meta":{"_acf_changed":false,"_et_pb_use_builder":"on","_et_pb_old_content":"","_et_gb_content_width":"","footnotes":""},"class_list":["post-823","page","type-page","status-publish","hentry"],"acf":[],"yoast_head":"<!-- This site is optimized with the Yoast SEO plugin v27.1.1 - https:\/\/yoast.com\/product\/yoast-seo-wordpress\/ -->\n<title>Nous joindre - Foreman Art Gallery<\/title>\n<meta name=\"robots\" content=\"index, follow, max-snippet:-1, max-image-preview:large, max-video-preview:-1\" \/>\n<link rel=\"canonical\" href=\"https:\/\/foreman.ubishops.ca\/fr\/pour-nous-joindre\/\" \/>\n<meta property=\"og:locale\" content=\"fr_FR\" \/>\n<meta property=\"og:type\" content=\"article\" \/>\n<meta property=\"og:title\" content=\"Nous joindre - Foreman Art Gallery\" \/>\n<meta property=\"og:description\" content=\"GALERIE D&#039;ART FOREMAN DE L&#039;UNIVERSIT\u00c9 BISHOP&#039;S 2600 Rue College, Sherbrooke, QC J1M 1Z7, CANADA &nbsp; Courriel : gallery@ubishops.ca T\u00e9l\u00e9phone : (819) 822-9600, poste 2260 T\u00e9l\u00e9copieur : (819) 822-9703 Site Web : https:\/\/foreman.ubishops.ca\/ Galerie d&#039;art ForemanGentiane B\u00e9langer | Directrice-conservatrice Courriel : gentiane.belanger@ubishops.ca T\u00e9l\u00e9phone : (819) 822-9600, poste 2687Ang\u00e9lie Vermette | Assistante administrative Courriel : avermett@ubishops.ca T\u00e9l\u00e9phone [&hellip;]\" \/>\n<meta property=\"og:url\" content=\"https:\/\/foreman.ubishops.ca\/fr\/pour-nous-joindre\/\" \/>\n<meta property=\"og:site_name\" content=\"Foreman Art Gallery\" \/>\n<meta property=\"article:modified_time\" content=\"2024-10-04T19:53:59+00:00\" \/>\n<meta name=\"twitter:card\" content=\"summary_large_image\" \/>\n<meta name=\"twitter:label1\" content=\"Dur\u00e9e de lecture estim\u00e9e\" \/>\n\t<meta name=\"twitter:data1\" content=\"4 minutes\" \/>\n<script type=\"application\/ld+json\" class=\"yoast-schema-graph\">{\"@context\":\"https:\/\/schema.org\",\"@graph\":[{\"@type\":\"WebPage\",\"@id\":\"https:\/\/foreman.ubishops.ca\/fr\/pour-nous-joindre\/\",\"url\":\"https:\/\/foreman.ubishops.ca\/fr\/pour-nous-joindre\/\",\"name\":\"Nous joindre - Foreman Art Gallery\",\"isPartOf\":{\"@id\":\"https:\/\/foreman.ubishops.ca\/fr\/#website\"},\"datePublished\":\"2019-06-28T19:22:02+00:00\",\"dateModified\":\"2024-10-04T19:53:59+00:00\",\"inLanguage\":\"fr-FR\",\"potentialAction\":[{\"@type\":\"ReadAction\",\"target\":[\"https:\/\/foreman.ubishops.ca\/fr\/pour-nous-joindre\/\"]}]},{\"@type\":\"WebSite\",\"@id\":\"https:\/\/foreman.ubishops.ca\/fr\/#website\",\"url\":\"https:\/\/foreman.ubishops.ca\/fr\/\",\"name\":\"Foreman Art Gallery\",\"description\":\"\",\"potentialAction\":[{\"@type\":\"SearchAction\",\"target\":{\"@type\":\"EntryPoint\",\"urlTemplate\":\"https:\/\/foreman.ubishops.ca\/fr\/?s={search_term_string}\"},\"query-input\":{\"@type\":\"PropertyValueSpecification\",\"valueRequired\":true,\"valueName\":\"search_term_string\"}}],\"inLanguage\":\"fr-FR\"}]}<\/script>\n<!-- \/ Yoast SEO plugin. -->","yoast_head_json":{"title":"Nous joindre - Foreman Art Gallery","robots":{"index":"index","follow":"follow","max-snippet":"max-snippet:-1","max-image-preview":"max-image-preview:large","max-video-preview":"max-video-preview:-1"},"canonical":"https:\/\/foreman.ubishops.ca\/fr\/pour-nous-joindre\/","og_locale":"fr_FR","og_type":"article","og_title":"Nous joindre - Foreman Art Gallery","og_description":"GALERIE D'ART FOREMAN DE L'UNIVERSIT\u00c9 BISHOP'S 2600 Rue College, Sherbrooke, QC J1M 1Z7, CANADA &nbsp; Courriel : gallery@ubishops.ca T\u00e9l\u00e9phone : (819) 822-9600, poste 2260 T\u00e9l\u00e9copieur : (819) 822-9703 Site Web : https:\/\/foreman.ubishops.ca\/ Galerie d'art ForemanGentiane B\u00e9langer | Directrice-conservatrice Courriel : gentiane.belanger@ubishops.ca T\u00e9l\u00e9phone : (819) 822-9600, poste 2687Ang\u00e9lie Vermette | Assistante administrative Courriel : avermett@ubishops.ca T\u00e9l\u00e9phone [&hellip;]","og_url":"https:\/\/foreman.ubishops.ca\/fr\/pour-nous-joindre\/","og_site_name":"Foreman Art Gallery","article_modified_time":"2024-10-04T19:53:59+00:00","twitter_card":"summary_large_image","twitter_misc":{"Dur\u00e9e de lecture estim\u00e9e":"4 minutes"},"schema":{"@context":"https:\/\/schema.org","@graph":[{"@type":"WebPage","@id":"https:\/\/foreman.ubishops.ca\/fr\/pour-nous-joindre\/","url":"https:\/\/foreman.ubishops.ca\/fr\/pour-nous-joindre\/","name":"Nous joindre - Foreman Art Gallery","isPartOf":{"@id":"https:\/\/foreman.ubishops.ca\/fr\/#website"},"datePublished":"2019-06-28T19:22:02+00:00","dateModified":"2024-10-04T19:53:59+00:00","inLanguage":"fr-FR","potentialAction":[{"@type":"ReadAction","target":["https:\/\/foreman.ubishops.ca\/fr\/pour-nous-joindre\/"]}]},{"@type":"WebSite","@id":"https:\/\/foreman.ubishops.ca\/fr\/#website","url":"https:\/\/foreman.ubishops.ca\/fr\/","name":"Foreman Art Gallery","description":"","potentialAction":[{"@type":"SearchAction","target":{"@type":"EntryPoint","urlTemplate":"https:\/\/foreman.ubishops.ca\/fr\/?s={search_term_string}"},"query-input":{"@type":"PropertyValueSpecification","valueRequired":true,"valueName":"search_term_string"}}],"inLanguage":"fr-FR"}]}},"_links":{"self":[{"href":"https:\/\/foreman.ubishops.ca\/fr\/wp-json\/wp\/v2\/pages\/823","targetHints":{"allow":["GET"]}}],"collection":[{"href":"https:\/\/foreman.ubishops.ca\/fr\/wp-json\/wp\/v2\/pages"}],"about":[{"href":"https:\/\/foreman.ubishops.ca\/fr\/wp-json\/wp\/v2\/types\/page"}],"author":[{"embeddable":true,"href":"https:\/\/foreman.ubishops.ca\/fr\/wp-json\/wp\/v2\/users\/15"}],"replies":[{"embeddable":true,"href":"https:\/\/foreman.ubishops.ca\/fr\/wp-json\/wp\/v2\/comments?post=823"}],"version-history":[{"count":30,"href":"https:\/\/foreman.ubishops.ca\/fr\/wp-json\/wp\/v2\/pages\/823\/revisions"}],"predecessor-version":[{"id":19787,"href":"https:\/\/foreman.ubishops.ca\/fr\/wp-json\/wp\/v2\/pages\/823\/revisions\/19787"}],"wp:attachment":[{"href":"https:\/\/foreman.ubishops.ca\/fr\/wp-json\/wp\/v2\/media?parent=823"}],"curies":[{"name":"wp","href":"https:\/\/api.w.org\/{rel}","templated":true}]}}