{"id":818,"date":"2019-06-28T15:13:08","date_gmt":"2019-06-28T19:13:08","guid":{"rendered":"https:\/\/foreman.ubishops.ca\/planifiez-une-visite\/"},"modified":"2023-03-15T17:12:32","modified_gmt":"2023-03-15T21:12:32","slug":"planifiez-une-visite","status":"publish","type":"page","link":"https:\/\/foreman.ubishops.ca\/fr\/planifiez-une-visite\/","title":{"rendered":"Planifiez une visite"},"content":{"rendered":"<p>[et_pb_section fb_built=\u00a0\u00bb1&Prime; module_class=\u00a0\u00bbsub_menu_page\u00a0\u00bb _builder_version=\u00a0\u00bb4.16&Prime; background_color=\u00a0\u00bb#ffffff\u00a0\u00bb locked=\u00a0\u00bboff\u00a0\u00bb global_colors_info=\u00a0\u00bb{}\u00a0\u00bb][et_pb_row _builder_version=\u00a0\u00bb4.16&Prime; custom_padding=\u00a0\u00bb0px||0px||true|false\u00a0\u00bb global_colors_info=\u00a0\u00bb{}\u00a0\u00bb][et_pb_column type=\u00a0\u00bb4_4&Prime; _builder_version=\u00a0\u00bb4.16&Prime; global_colors_info=\u00a0\u00bb{}\u00a0\u00bb][et_pb_menu menu_id=\u00a0\u00bb50&Prime; _builder_version=\u00a0\u00bb4.16&Prime; menu_line_height=\u00a0\u00bb1.6em\u00a0\u00bb global_colors_info=\u00a0\u00bb{}\u00a0\u00bb][\/et_pb_menu][\/et_pb_column][\/et_pb_row][\/et_pb_section][et_pb_section fb_built=\u00a0\u00bb1&Prime; module_id=\u00a0\u00bbvisites\u00a0\u00bb _builder_version=\u00a0\u00bb4.19.5&Prime; background_color=\u00a0\u00bb#ffffff\u00a0\u00bb custom_margin=\u00a0\u00bb||||false|false\u00a0\u00bb custom_padding=\u00a0\u00bb75px||||false|false\u00a0\u00bb hover_enabled=\u00a0\u00bb0&Prime; collapsed=\u00a0\u00bbon\u00a0\u00bb global_colors_info=\u00a0\u00bb{}\u00a0\u00bb sticky_enabled=\u00a0\u00bb0&Prime;][et_pb_row column_structure=\u00a0\u00bb1_4,3_4&Prime; _builder_version=\u00a0\u00bb4.16&Prime; global_colors_info=\u00a0\u00bb{}\u00a0\u00bb][et_pb_column type=\u00a0\u00bb1_4&Prime; _builder_version=\u00a0\u00bb4.16&Prime; custom_padding=\u00a0\u00bb|||\u00a0\u00bb global_colors_info=\u00a0\u00bb{}\u00a0\u00bb custom_padding__hover=\u00a0\u00bb|||\u00a0\u00bb][et_pb_text _builder_version=\u00a0\u00bb4.16&Prime; text_font=\u00a0\u00bb||||||||\u00a0\u00bb text_text_color=\u00a0\u00bb#000000&Prime; header_font=\u00a0\u00bb||||||||\u00a0\u00bb header_text_color=\u00a0\u00bbrgba(0,0,0,0)\u00a0\u00bb text_text_shadow_style=\u00a0\u00bbpreset1&Prime; text_text_shadow_color=\u00a0\u00bbrgba(0,0,0,0)\u00a0\u00bb global_colors_info=\u00a0\u00bb{}\u00a0\u00bb text_text_color__hover_enabled=\u00a0\u00bbon\u00a0\u00bb text_text_color__hover=\u00a0\u00bb#D7FFE0&Prime; text_text_shadow_blur_strength__hover_enabled=\u00a0\u00bbon\u00a0\u00bb text_text_shadow_blur_strength__hover=\u00a0\u00bb0.4em\u00a0\u00bb text_text_shadow_color__hover_enabled=\u00a0\u00bbon\u00a0\u00bb text_text_shadow_color__hover=\u00a0\u00bb#D7FFE0&Prime;]<\/p>\n<h3><a href=\"https:\/\/foreman.ubishops.ca\/planifiez-une-visite\/?lang=fr#tour\">Visites guid\u00e9es<\/a><\/h3>\n<p>[\/et_pb_text][\/et_pb_column][et_pb_column type=\u00a0\u00bb3_4&Prime; _builder_version=\u00a0\u00bb4.16&Prime; custom_padding=\u00a0\u00bb|||\u00a0\u00bb global_colors_info=\u00a0\u00bb{}\u00a0\u00bb custom_padding__hover=\u00a0\u00bb|||\u00a0\u00bb][et_pb_text module_id=\u00a0\u00bbtour\u00a0\u00bb _builder_version=\u00a0\u00bb4.19.5&Prime; global_colors_info=\u00a0\u00bb{}\u00a0\u00bb]<\/p>\n<p><i><span style=\"font-weight: 400;\">Pour r\u00e9server une visite guid\u00e9e, veuillez <a href=\"https:\/\/foreman.ubishops.ca\/fr\/pour-nous-joindre\/\">nous contacter<\/a> en avance pour vous assurer que nous serons en mesure de vous accueillir et pour vous informer des frais associ\u00e9s, s&rsquo;il y a lieu.<\/span><\/i><\/p>\n<p><span style=\"font-weight: 400;\">Notre \u00e9quipe est ravie d&rsquo;offrir des visites guid\u00e9es pour chacune des expositions pr\u00e9sent\u00e9es \u00e0 la Galerie d&rsquo;art Foreman. Les visites sont offertes en fran\u00e7ais ou en anglais. De plus,\u00a0elles peuvent \u00eatre combin\u00e9es avec un <a href=\"https:\/\/foreman.ubishops.ca\/fr\/artlab\/\">atelier\u00a0cr\u00e9atif<\/a> en lien avec l&rsquo;exposition visit\u00e9e.\u00a0<\/span><\/p>\n<p>&nbsp;<\/p>\n<h4><b>Pourquoi r\u00e9server une visite guid\u00e9e?<\/b><span style=\"font-weight: 400;\">\u00a0<\/span><\/h4>\n<p><span style=\"font-weight: 400;\">Nos visites guid\u00e9es offrent une exp\u00e9rience unique o\u00f9 le dialogue approfondi et le questionnement critique sont favoris\u00e9s, tout en offrant des perspectives diverses sur l&rsquo;art. Nous croyons que l&rsquo;art pr\u00e9sent\u00e9 dans les expositions de la galerie n\u2019est qu&rsquo;un point de d\u00e9part pour alimenter le dialogue sur des enjeux contemporains qui nous concernent tous.<\/span><\/p>\n<p>&nbsp;<\/p>\n<h4><b>Quelle est votre approche par rapport aux visites guid\u00e9es?<\/b><\/h4>\n<p><span style=\"font-weight: 400;\">Notre approche met l&rsquo;accent sur la cr\u00e9ation d&rsquo;une exp\u00e9rience dynamique avec les \u0153uvres d&rsquo;art \u00e0 travers le dialogue et des exercices collaboratifs et interactifs. Nous croyons fermement en une approche qui se base sur les connaissances d\u00e9j\u00e0 acquises des visiteurs.euses. Nous nous concentrons sur l&rsquo;interaction et le dialogue avec le public. Notre approche est fondamentalement interdisciplinaire et encourage \u00e0 faire des liens entre les divers th\u00e8mes abord\u00e9s dans chaque exposition.<\/span><\/p>\n<p><span style=\"font-weight: 400;\">Chaque visite guid\u00e9e est con\u00e7ue sp\u00e9cifiquement pour les besoins du groupe de visiteurs.euses, que ce soit une classe de niveau universitaire, un groupe communautaire, une famille, ou une \u00e9cole primaire ou secondaire. Il est donc important pour nous d\u2019en savoir un peu plus sur vous et votre groupe afin de concevoir une visite guid\u00e9e qui r\u00e9pond \u00e0 vos besoins et int\u00e9r\u00eats.<\/span><\/p>\n<p>&nbsp;<\/p>\n<h4><b>Visites acad\u00e9mique<\/b><\/h4>\n<p><span style=\"font-weight: 400;\">Le contenu des expositions de la Galerie d&rsquo;art se pr\u00eate parfaitement \u00e0 l&rsquo;apprentissage interdisciplinaire pour plusieurs niveaux acad\u00e9miques. \u00a0Au cours des derni\u00e8res ann\u00e9es, la Galerie a offert des visites guid\u00e9es con\u00e7ues sp\u00e9cifiquement en liens avec le curriculum des groupes universitaires, du Cegep, du primaire, et des groupes de niveau secondaire. Ces visites guid\u00e9es ciblent les objectifs d&rsquo;apprentissage de votre classe et s\u2019adaptent \u00e0 vos attentes et votre cursus acad\u00e9mique. Nous croyons que l&rsquo;art pr\u00e9sent\u00e9 dans les expositions \u00e0 la Galerie n\u2019est qu&rsquo;un point de d\u00e9part pour une discussion sur une grande vari\u00e9t\u00e9 d\u2019enjeux acad\u00e9miques et sociaux.<\/span><\/p>\n<p><span style=\"font-weight: 400;\">Les visites des \u00e9coles primaires et secondaires sont cr\u00e9\u00e9es pour r\u00e9pondre aux standards du ministre de l\u2019\u00c9ducation du Gouvernement du Qu\u00e9bec. Les \u00e9tudiant.es apprennent \u00e0 analyser les \u0153uvres d\u2019art pendant une discussion guid\u00e9e par l\u2019\u00e9ducatrice de la Galerie qui fournit de l\u2019information contextuelle sur les \u0153uvres en plus d\u2019encourager l\u2019interpr\u00e9tation personnelle, le dialogue et l\u2019interaction.\u00a0<\/span><\/p>\n<p><span style=\"font-weight: 400;\">Au cours des derni\u00e8res ann\u00e9es nous avons collabor\u00e9 avec les d\u00e9partements acad\u00e9miques suivants pour enrichir notre la pertinence de nos visites guid\u00e9es<\/span><i><span style=\"font-weight: 400;\">: <\/span><\/i><span style=\"font-weight: 400;\">g\u00e9ographie, sciences, histoire, philosophie, l&rsquo;environnement, \u00e9ducation, \u00e9conomie, sciences humaines, sociologie, arts lib\u00e9raux, fran\u00e7ais comme langue seconde, administration des arts, et les d\u00e9partements des arts visuels.<\/span><\/p>\n<p>[\/et_pb_text][et_pb_button button_text=\u00a0\u00bbContactez-nous\u00a0\u00bb _builder_version=\u00a0\u00bb4.19.5&Prime; _module_preset=\u00a0\u00bbdefault\u00a0\u00bb button_url=\u00a0\u00bbhttps:\/\/foreman.ubishops.ca\/fr\/pour-nous-joindre\/\u00a0\u00bb url_new_window=\u00a0\u00bbon\u00a0\u00bb hover_enabled=\u00a0\u00bb0&Prime; sticky_enabled=\u00a0\u00bb0&Prime; button_alignment=\u00a0\u00bbcenter\u00a0\u00bb locked=\u00a0\u00bboff\u00a0\u00bb][\/et_pb_button][\/et_pb_column][\/et_pb_row][\/et_pb_section][et_pb_section fb_built=\u00a0\u00bb1&Prime; module_id=\u00a0\u00bbemplacement\u00a0\u00bb _builder_version=\u00a0\u00bb4.19.5&Prime; background_color=\u00a0\u00bb#ffffff\u00a0\u00bb custom_margin=\u00a0\u00bb||||false|false\u00a0\u00bb custom_padding=\u00a0\u00bb||||false|false\u00a0\u00bb hover_enabled=\u00a0\u00bb0&Prime; collapsed=\u00a0\u00bbon\u00a0\u00bb global_colors_info=\u00a0\u00bb{}\u00a0\u00bb sticky_enabled=\u00a0\u00bb0&Prime;][et_pb_row _builder_version=\u00a0\u00bb4.19.5&Prime; _module_preset=\u00a0\u00bbdefault\u00a0\u00bb][et_pb_column _builder_version=\u00a0\u00bb4.19.5&Prime; _module_preset=\u00a0\u00bbdefault\u00a0\u00bb type=\u00a0\u00bb4_4&Prime;][et_pb_divider _builder_version=\u00a0\u00bb4.19.5&Prime; _module_preset=\u00a0\u00bbdefault\u00a0\u00bb hover_enabled=\u00a0\u00bb0&Prime; sticky_enabled=\u00a0\u00bb0&Prime; color=\u00a0\u00bb#d7ffe0&Prime; divider_weight=\u00a0\u00bb3px\u00a0\u00bb][\/et_pb_divider][\/et_pb_column][\/et_pb_row][et_pb_row column_structure=\u00a0\u00bb1_4,3_4&Prime; module_id=\u00a0\u00bbemplacement\u00a0\u00bb _builder_version=\u00a0\u00bb4.19.5&Prime; hover_enabled=\u00a0\u00bb0&Prime; global_colors_info=\u00a0\u00bb{}\u00a0\u00bb sticky_enabled=\u00a0\u00bb0&Prime;][et_pb_column type=\u00a0\u00bb1_4&Prime; _builder_version=\u00a0\u00bb4.16&Prime; custom_padding=\u00a0\u00bb|||\u00a0\u00bb global_colors_info=\u00a0\u00bb{}\u00a0\u00bb custom_padding__hover=\u00a0\u00bb|||\u00a0\u00bb][et_pb_text _builder_version=\u00a0\u00bb4.19.5&Prime; text_font=\u00a0\u00bb||||||||\u00a0\u00bb text_text_color=\u00a0\u00bb#000000&Prime; header_font=\u00a0\u00bb||||||||\u00a0\u00bb header_text_color=\u00a0\u00bbrgba(0,0,0,0)\u00a0\u00bb link_option_url=\u00a0\u00bbforeman-test.ubishops.ca\/visit\/#emplacement\u00a0\u00bb hover_enabled=\u00a0\u00bb0&Prime; text_text_shadow_style=\u00a0\u00bbpreset1&Prime; text_text_shadow_color=\u00a0\u00bbrgba(0,0,0,0)\u00a0\u00bb global_colors_info=\u00a0\u00bb{}\u00a0\u00bb text_text_color__hover_enabled=\u00a0\u00bbon\u00a0\u00bb text_text_color__hover=\u00a0\u00bb#D7FFE0&Prime; text_text_shadow_blur_strength__hover_enabled=\u00a0\u00bbon\u00a0\u00bb text_text_shadow_blur_strength__hover=\u00a0\u00bb0.4em\u00a0\u00bb text_text_shadow_color__hover_enabled=\u00a0\u00bbon\u00a0\u00bb text_text_shadow_color__hover=\u00a0\u00bb#D7FFE0&Prime; sticky_enabled=\u00a0\u00bb0&Prime;]<\/p>\n<h3><a href=\"https:\/\/foreman.ubishops.ca\/planifiez-une-visite\/?lang=fr#emplacement\">Emplacemen<\/a>t<\/h3>\n<p>[\/et_pb_text][\/et_pb_column][et_pb_column type=\u00a0\u00bb3_4&Prime; _builder_version=\u00a0\u00bb4.16&Prime; global_colors_info=\u00a0\u00bb{}\u00a0\u00bb][et_pb_text _builder_version=\u00a0\u00bb4.19.5&Prime; global_colors_info=\u00a0\u00bb{}\u00a0\u00bb]<\/p>\n<p><strong><a href=\"https:\/\/goo.gl\/maps\/4mN27TTTzPTJLaBQ6\">GALERIE D&rsquo;ART FOREMAN DE L&rsquo;UNIVERSIT\u00c9 BISHOP&rsquo;S<\/a><\/strong><br \/><strong>2600, rue College<\/strong><br \/><strong>Sherbrooke (Qu\u00e9bec)<\/strong><br \/><strong>J1M 1Z7 Canada<\/strong><\/p>\n<p>&nbsp;<\/p>\n<p>[\/et_pb_text][et_pb_text _builder_version=\u00a0\u00bb4.19.5&Prime; global_colors_info=\u00a0\u00bb{}\u00a0\u00bb]<\/p>\n<p><span style=\"font-weight: 400;\">La Galerie d\u2019art Foreman est situ\u00e9 sur le campus de l\u2019Universit\u00e9 Bishop\u2019s, juste \u00e0 c\u00f4t\u00e9 du Th\u00e9\u00e2tre Centennial. Consultez la page <\/span><span style=\"font-weight: 400;\"><a href=\"https:\/\/www.ubishops.ca\/contact-us\/directions-and-maps\/\">Directions &amp; Maps<\/a> du site Web de l&rsquo;Universit\u00e9 Bishop&rsquo;s pour plus de d\u00e9tails.\u00a0<\/span><\/p>\n<p>&nbsp;<\/p>\n<h4><strong>Stationnement<\/strong><\/h4>\n<p>Le stationnement sur le campus de l\u2019Universit\u00e9 Bishop\u2019s est GRATUIT apr\u00e8s 17h du lundi au vendredi, ainsi que toute la journ\u00e9e le samedi et le dimanche.<\/p>\n<p><span style=\"font-weight: 400;\">Si vous visitez le campus durant le jour, vous pouvez payer une place de stationnement via<a href=\"https:\/\/htsp.ca\/fr\/\"> l&rsquo;application Hot Spot <\/a>ou vous procurer un permis de stationnement \u00e0 l\u2019un des horodateurs du campus (cherchez le signe $ sur <\/span><a href=\"https:\/\/www.ubishops.ca\/contact-us\/directions-and-maps\/\"><span style=\"font-weight: 400;\">cette carte<\/span><\/a><span style=\"font-weight: 400;\">).<\/span><\/p>\n<p><span style=\"font-weight: 400;\">Pour plus de renseignements, visitez le site internet du <\/span><span style=\"font-weight: 400;\"><a href=\"https:\/\/www.ubishops.ca\/future-current-students\/student-campus-life\/student-services\/security-department\/parking-regulations\/\">d\u00e9partement de S\u00e9curit\u00e9<\/a> de l\u2019Universit\u00e9 Bishop\u2019s.<\/span><\/p>\n<p>[\/et_pb_text][\/et_pb_column][\/et_pb_row][\/et_pb_section]<\/p>\n","protected":false},"excerpt":{"rendered":"<p>Visites guid\u00e9esPour r\u00e9server une visite guid\u00e9e, veuillez nous contacter en avance pour vous assurer que nous serons en mesure de vous accueillir et pour vous informer des frais associ\u00e9s, s&rsquo;il y a lieu. Notre \u00e9quipe est ravie d&rsquo;offrir des visites guid\u00e9es pour chacune des expositions pr\u00e9sent\u00e9es \u00e0 la Galerie d&rsquo;art Foreman. Les visites sont offertes [&hellip;]<\/p>\n","protected":false},"author":15,"featured_media":0,"parent":0,"menu_order":9,"comment_status":"closed","ping_status":"closed","template":"","meta":{"_acf_changed":false,"_et_pb_use_builder":"on","_et_pb_old_content":"","_et_gb_content_width":"","footnotes":""},"class_list":["post-818","page","type-page","status-publish","hentry"],"acf":[],"yoast_head":"<!-- This site is optimized with the Yoast SEO plugin v27.1.1 - https:\/\/yoast.com\/product\/yoast-seo-wordpress\/ -->\n<title>Planifiez une visite - Foreman Art Gallery<\/title>\n<meta name=\"robots\" content=\"index, follow, max-snippet:-1, max-image-preview:large, max-video-preview:-1\" \/>\n<link rel=\"canonical\" href=\"https:\/\/foreman.ubishops.ca\/fr\/planifiez-une-visite\/\" \/>\n<meta property=\"og:locale\" content=\"fr_FR\" \/>\n<meta property=\"og:type\" content=\"article\" \/>\n<meta property=\"og:title\" content=\"Planifiez une visite - Foreman Art Gallery\" \/>\n<meta property=\"og:description\" content=\"Visites guid\u00e9esPour r\u00e9server une visite guid\u00e9e, veuillez nous contacter en avance pour vous assurer que nous serons en mesure de vous accueillir et pour vous informer des frais associ\u00e9s, s&#039;il y a lieu. Notre \u00e9quipe est ravie d&#039;offrir des visites guid\u00e9es pour chacune des expositions pr\u00e9sent\u00e9es \u00e0 la Galerie d&#039;art Foreman. Les visites sont offertes [&hellip;]\" \/>\n<meta property=\"og:url\" content=\"https:\/\/foreman.ubishops.ca\/fr\/planifiez-une-visite\/\" \/>\n<meta property=\"og:site_name\" content=\"Foreman Art Gallery\" \/>\n<meta property=\"article:modified_time\" content=\"2023-03-15T21:12:32+00:00\" \/>\n<meta name=\"twitter:card\" content=\"summary_large_image\" \/>\n<meta name=\"twitter:label1\" content=\"Dur\u00e9e de lecture estim\u00e9e\" \/>\n\t<meta name=\"twitter:data1\" content=\"6 minutes\" \/>\n<script type=\"application\/ld+json\" class=\"yoast-schema-graph\">{\"@context\":\"https:\/\/schema.org\",\"@graph\":[{\"@type\":\"WebPage\",\"@id\":\"https:\/\/foreman.ubishops.ca\/fr\/planifiez-une-visite\/\",\"url\":\"https:\/\/foreman.ubishops.ca\/fr\/planifiez-une-visite\/\",\"name\":\"Planifiez une visite - Foreman Art Gallery\",\"isPartOf\":{\"@id\":\"https:\/\/foreman.ubishops.ca\/fr\/#website\"},\"datePublished\":\"2019-06-28T19:13:08+00:00\",\"dateModified\":\"2023-03-15T21:12:32+00:00\",\"inLanguage\":\"fr-FR\",\"potentialAction\":[{\"@type\":\"ReadAction\",\"target\":[\"https:\/\/foreman.ubishops.ca\/fr\/planifiez-une-visite\/\"]}]},{\"@type\":\"WebSite\",\"@id\":\"https:\/\/foreman.ubishops.ca\/fr\/#website\",\"url\":\"https:\/\/foreman.ubishops.ca\/fr\/\",\"name\":\"Foreman Art Gallery\",\"description\":\"\",\"potentialAction\":[{\"@type\":\"SearchAction\",\"target\":{\"@type\":\"EntryPoint\",\"urlTemplate\":\"https:\/\/foreman.ubishops.ca\/fr\/?s={search_term_string}\"},\"query-input\":{\"@type\":\"PropertyValueSpecification\",\"valueRequired\":true,\"valueName\":\"search_term_string\"}}],\"inLanguage\":\"fr-FR\"}]}<\/script>\n<!-- \/ Yoast SEO plugin. -->","yoast_head_json":{"title":"Planifiez une visite - Foreman Art Gallery","robots":{"index":"index","follow":"follow","max-snippet":"max-snippet:-1","max-image-preview":"max-image-preview:large","max-video-preview":"max-video-preview:-1"},"canonical":"https:\/\/foreman.ubishops.ca\/fr\/planifiez-une-visite\/","og_locale":"fr_FR","og_type":"article","og_title":"Planifiez une visite - Foreman Art Gallery","og_description":"Visites guid\u00e9esPour r\u00e9server une visite guid\u00e9e, veuillez nous contacter en avance pour vous assurer que nous serons en mesure de vous accueillir et pour vous informer des frais associ\u00e9s, s'il y a lieu. Notre \u00e9quipe est ravie d'offrir des visites guid\u00e9es pour chacune des expositions pr\u00e9sent\u00e9es \u00e0 la Galerie d'art Foreman. Les visites sont offertes [&hellip;]","og_url":"https:\/\/foreman.ubishops.ca\/fr\/planifiez-une-visite\/","og_site_name":"Foreman Art Gallery","article_modified_time":"2023-03-15T21:12:32+00:00","twitter_card":"summary_large_image","twitter_misc":{"Dur\u00e9e de lecture estim\u00e9e":"6 minutes"},"schema":{"@context":"https:\/\/schema.org","@graph":[{"@type":"WebPage","@id":"https:\/\/foreman.ubishops.ca\/fr\/planifiez-une-visite\/","url":"https:\/\/foreman.ubishops.ca\/fr\/planifiez-une-visite\/","name":"Planifiez une visite - Foreman Art Gallery","isPartOf":{"@id":"https:\/\/foreman.ubishops.ca\/fr\/#website"},"datePublished":"2019-06-28T19:13:08+00:00","dateModified":"2023-03-15T21:12:32+00:00","inLanguage":"fr-FR","potentialAction":[{"@type":"ReadAction","target":["https:\/\/foreman.ubishops.ca\/fr\/planifiez-une-visite\/"]}]},{"@type":"WebSite","@id":"https:\/\/foreman.ubishops.ca\/fr\/#website","url":"https:\/\/foreman.ubishops.ca\/fr\/","name":"Foreman Art Gallery","description":"","potentialAction":[{"@type":"SearchAction","target":{"@type":"EntryPoint","urlTemplate":"https:\/\/foreman.ubishops.ca\/fr\/?s={search_term_string}"},"query-input":{"@type":"PropertyValueSpecification","valueRequired":true,"valueName":"search_term_string"}}],"inLanguage":"fr-FR"}]}},"_links":{"self":[{"href":"https:\/\/foreman.ubishops.ca\/fr\/wp-json\/wp\/v2\/pages\/818","targetHints":{"allow":["GET"]}}],"collection":[{"href":"https:\/\/foreman.ubishops.ca\/fr\/wp-json\/wp\/v2\/pages"}],"about":[{"href":"https:\/\/foreman.ubishops.ca\/fr\/wp-json\/wp\/v2\/types\/page"}],"author":[{"embeddable":true,"href":"https:\/\/foreman.ubishops.ca\/fr\/wp-json\/wp\/v2\/users\/15"}],"replies":[{"embeddable":true,"href":"https:\/\/foreman.ubishops.ca\/fr\/wp-json\/wp\/v2\/comments?post=818"}],"version-history":[{"count":16,"href":"https:\/\/foreman.ubishops.ca\/fr\/wp-json\/wp\/v2\/pages\/818\/revisions"}],"predecessor-version":[{"id":14120,"href":"https:\/\/foreman.ubishops.ca\/fr\/wp-json\/wp\/v2\/pages\/818\/revisions\/14120"}],"wp:attachment":[{"href":"https:\/\/foreman.ubishops.ca\/fr\/wp-json\/wp\/v2\/media?parent=818"}],"curies":[{"name":"wp","href":"https:\/\/api.w.org\/{rel}","templated":true}]}}