{"id":685,"date":"2019-06-14T15:57:30","date_gmt":"2019-06-14T19:57:30","guid":{"rendered":"https:\/\/foreman.ubishops.ca\/contribuer\/"},"modified":"2020-10-09T15:31:46","modified_gmt":"2020-10-09T19:31:46","slug":"contribuer","status":"publish","type":"page","link":"https:\/\/foreman.ubishops.ca\/fr\/contribuer\/","title":{"rendered":"Contribuer"},"content":{"rendered":"<p>[et_pb_section fb_built=\u00a0\u00bb1&Prime; module_class=\u00a0\u00bbsub_menu_page\u00a0\u00bb _builder_version=\u00a0\u00bb4.4.2&Prime; background_color=\u00a0\u00bb#ffffff\u00a0\u00bb][et_pb_row _builder_version=\u00a0\u00bb4.4.2&Prime; custom_padding=\u00a0\u00bb0px||0px||true|false\u00a0\u00bb][et_pb_column type=\u00a0\u00bb4_4&Prime; _builder_version=\u00a0\u00bb4.4.2&Prime;][et_pb_menu menu_id=\u00a0\u00bb60&Prime; _builder_version=\u00a0\u00bb4.4.8&Prime;][\/et_pb_menu][\/et_pb_column][\/et_pb_row][\/et_pb_section][et_pb_section fb_built=\u00a0\u00bb1&Prime; _builder_version=\u00a0\u00bb4.4.5&Prime; background_enable_color=\u00a0\u00bboff\u00a0\u00bb collapsed=\u00a0\u00bbon\u00a0\u00bb][et_pb_row column_structure=\u00a0\u00bb1_4,3_4&Prime; _builder_version=\u00a0\u00bb4.4.8&Prime; custom_margin=\u00a0\u00bb30px||||false|false\u00a0\u00bb][et_pb_column type=\u00a0\u00bb1_4&Prime; _builder_version=\u00a0\u00bb3.25&Prime; custom_padding=\u00a0\u00bb|||\u00a0\u00bb custom_padding__hover=\u00a0\u00bb|||\u00a0\u00bb][et_pb_text _builder_version=\u00a0\u00bb4.4.8&Prime; text_font=\u00a0\u00bb||||||||\u00a0\u00bb text_text_color=\u00a0\u00bb#000000&Prime; header_font=\u00a0\u00bb||||||||\u00a0\u00bb header_text_color=\u00a0\u00bbrgba(0,0,0,0)\u00a0\u00bb text_text_shadow_style=\u00a0\u00bbpreset1&Prime; text_text_shadow_color=\u00a0\u00bbrgba(0,0,0,0)\u00a0\u00bb text_text_color__hover_enabled=\u00a0\u00bbon\u00a0\u00bb text_text_color__hover=\u00a0\u00bb#D7FFE0&Prime; text_text_shadow_blur_strength__hover_enabled=\u00a0\u00bbon\u00a0\u00bb text_text_shadow_blur_strength__hover=\u00a0\u00bb0.4em\u00a0\u00bb text_text_shadow_color__hover_enabled=\u00a0\u00bbon\u00a0\u00bb text_text_shadow_color__hover=\u00a0\u00bb#D7FFE0&Prime;]<\/p>\n<h3><a href=\"https:\/\/foreman-test.ubishops.ca\/contribuer\/?lang=fr#support\">Donations<\/a><\/h3>\n<p>[\/et_pb_text][\/et_pb_column][et_pb_column type=\u00a0\u00bb3_4&Prime; _builder_version=\u00a0\u00bb3.25&Prime; custom_padding=\u00a0\u00bb|||\u00a0\u00bb custom_padding__hover=\u00a0\u00bb|||\u00a0\u00bb][et_pb_text module_id=\u00a0\u00bbsupport\u00a0\u00bb _builder_version=\u00a0\u00bb3.27.4&Prime;]<\/p>\n<h3>Appui et donations<\/h3>\n<p style=\"font-weight: 400;\">La plupart des actions qui prennent lieu \u00e0 la Galerie se concr\u00e9tisent gr\u00e2ce au support d\u2019organismes et de donations priv\u00e9es. Vous pouvez \u00e9galement contribuer \u00e0 notre succ\u00e8s\u00a0 en faisant une donation, d\u00e9ductible d\u2019imp\u00f4ts \u00e0 l\u2019adresse suivante:\u00a0<a href=\"https:\/\/alumni.ubishops.ca\/\">www.ubishops.ca\/gift<\/a>. Faites attention de bien indiquer la Galerie d\u2019art Foreman dans le champ de\u00a0<em>Designation<\/em>. Votre soutien aidera aux expositions, aux publications, au Laboratoire Communautaire d\u2019Art, etc.<\/p>\n<p style=\"font-weight: 400;\">Un re\u00e7u d&rsquo;imp\u00f4t est \u00e9mis par l&rsquo;Universit\u00e9 pour toute contribution.<\/p>\n<p style=\"font-weight: 400;\">Renseignements : Gentiane B\u00e9langer, Directrice\/Conservatrice<br \/>\ngbelange(at)ubishops.ca<br \/>\n819.822.9600 poste 2687<\/p>\n<p>[\/et_pb_text][\/et_pb_column][\/et_pb_row][et_pb_row _builder_version=\u00a0\u00bb3.25&Prime;][et_pb_column type=\u00a0\u00bb4_4&Prime; _builder_version=\u00a0\u00bb3.25&Prime; custom_padding=\u00a0\u00bb|||\u00a0\u00bb custom_padding__hover=\u00a0\u00bb|||\u00a0\u00bb][et_pb_divider color=\u00a0\u00bb#D7FFe0&Prime; divider_weight=\u00a0\u00bb3px\u00a0\u00bb module_id=\u00a0\u00bbvolunteer\u00a0\u00bb _builder_version=\u00a0\u00bb3.22.6&Prime; height=\u00a0\u00bb1px\u00a0\u00bb][\/et_pb_divider][\/et_pb_column][\/et_pb_row][et_pb_row column_structure=\u00a0\u00bb1_4,3_4&Prime; _builder_version=\u00a0\u00bb3.25&Prime;][et_pb_column type=\u00a0\u00bb1_4&Prime; _builder_version=\u00a0\u00bb3.25&Prime; custom_padding=\u00a0\u00bb|||\u00a0\u00bb custom_padding__hover=\u00a0\u00bb|||\u00a0\u00bb][et_pb_text _builder_version=\u00a0\u00bb4.4.8&Prime; text_font=\u00a0\u00bb||||||||\u00a0\u00bb text_text_color=\u00a0\u00bb#000000&Prime; header_font=\u00a0\u00bb||||||||\u00a0\u00bb header_text_color=\u00a0\u00bbrgba(0,0,0,0)\u00a0\u00bb text_text_shadow_style=\u00a0\u00bbpreset1&Prime; text_text_shadow_color=\u00a0\u00bbrgba(0,0,0,0)\u00a0\u00bb text_text_color__hover_enabled=\u00a0\u00bbon\u00a0\u00bb text_text_color__hover=\u00a0\u00bb#D7FFE0&Prime; text_text_shadow_blur_strength__hover_enabled=\u00a0\u00bbon\u00a0\u00bb text_text_shadow_blur_strength__hover=\u00a0\u00bb0.4em\u00a0\u00bb text_text_shadow_color__hover_enabled=\u00a0\u00bbon\u00a0\u00bb text_text_shadow_color__hover=\u00a0\u00bb#D7FFE0&Prime;]<\/p>\n<h3><a href=\"https:\/\/foreman-test.ubishops.ca\/contribuer\/?lang=fr#volunteer\">B\u00e9n\u00e9voles<\/a><\/h3>\n<p>[\/et_pb_text][\/et_pb_column][et_pb_column type=\u00a0\u00bb3_4&Prime; _builder_version=\u00a0\u00bb3.25&Prime; custom_padding=\u00a0\u00bb|||\u00a0\u00bb custom_padding__hover=\u00a0\u00bb|||\u00a0\u00bb][et_pb_text _builder_version=\u00a0\u00bb3.27.4&Prime;]<\/p>\n<h3>B\u00e9n\u00e9volat<\/h3>\n<p>Le fonctionnement de la Galerie d\u2019art Foreman ne serait pas possible sans la pr\u00e9cieuse collaboration de b\u00e9n\u00e9voles qui aident au bon roulement des activit\u00e9s quotidiennes et des \u00e9v\u00e8nements sp\u00e9ciaux.<\/p>\n<p>Communiquez avec nous \u00e0 <a href=\"m&#97;&#x69;&#x6c;t&#111;&#58;&#x67;&#x61;l&#108;&#101;&#x72;&#x79;&#64;&#117;&#x62;&#x69;&#x73;h&#111;&#x70;&#x73;&#46;&#99;&#97;\">ga&#108;&#108;&#101;&#114;&#x79;&#x40;&#x75;&#x62;&#x69;sh&#111;&#112;&#115;&#46;&#x63;&#x61;<\/a> ou au 819-822-9600 #2260\u00a0 pour plus d\u2019information ou pour vous joindre \u00e0 notre \u00e9quipe de b\u00e9n\u00e9voles.<\/p>\n<p>&nbsp;<\/p>\n<p>T\u00e2ches fr\u00e9quemment r\u00e9alis\u00e9es par les b\u00e9n\u00e9voles\u00a0:<\/p>\n<ul>\n<li>Accueillir les visiteurs lors des vernissages<\/li>\n<li>Servir nourriture et boissons lors des vernissages<\/li>\n<li>Superviser la galerie sur les heures d\u2019ouverture irr\u00e9guli\u00e8re.<\/li>\n<li>Aider avec l\u2019affichage de posters<\/li>\n<li>Aider \u00e0 la planification des ateliers du ArtLab<\/li>\n<li>Cr\u00e9er et mener les ateliers cr\u00e9atifs du ArtLab.<\/li>\n<li>Assurer la s\u00e9curit\u00e9 des \u0153uvres durant les vernissages<\/li>\n<\/ul>\n<p>Notez que les \u00e9tudiants de l\u2019Universit\u00e9 Bishop\u2019s sont \u00e9ligibles \u00e0 des cr\u00e9dits <u>L.E.A.P.S<\/u>** pour leur b\u00e9n\u00e9volat.<\/p>\n<p>** hyperlien vers <a href=\"https:\/\/www.ubishops.ca\/future-current-students\/student-campus-life\/student-services\/leap\/\">https:\/\/www.ubishops.ca\/future-current-students\/student-campus-life\/student-services\/leap\/<\/a>[\/et_pb_text][\/et_pb_column][\/et_pb_row][et_pb_row _builder_version=\u00a0\u00bb3.25&Prime;][et_pb_column type=\u00a0\u00bb4_4&Prime; _builder_version=\u00a0\u00bb3.25&Prime; custom_padding=\u00a0\u00bb|||\u00a0\u00bb custom_padding__hover=\u00a0\u00bb|||\u00a0\u00bb][et_pb_divider color=\u00a0\u00bb#D7FFe0&Prime; divider_weight=\u00a0\u00bb3px\u00a0\u00bb _builder_version=\u00a0\u00bb3.22.6&Prime; height=\u00a0\u00bb1px\u00a0\u00bb][\/et_pb_divider][\/et_pb_column][\/et_pb_row][\/et_pb_section]<\/p>\n","protected":false},"excerpt":{"rendered":"<p>DonationsAppui et donations La plupart des actions qui prennent lieu \u00e0 la Galerie se concr\u00e9tisent gr\u00e2ce au support d\u2019organismes et de donations priv\u00e9es. Vous pouvez \u00e9galement contribuer \u00e0 notre succ\u00e8s\u00a0 en faisant une donation, d\u00e9ductible d\u2019imp\u00f4ts \u00e0 l\u2019adresse suivante:\u00a0www.ubishops.ca\/gift. Faites attention de bien indiquer la Galerie d\u2019art Foreman dans le champ de\u00a0Designation. Votre soutien aidera [&hellip;]<\/p>\n","protected":false},"author":15,"featured_media":0,"parent":0,"menu_order":9,"comment_status":"closed","ping_status":"closed","template":"","meta":{"_acf_changed":false,"_et_pb_use_builder":"on","_et_pb_old_content":"","_et_gb_content_width":"","footnotes":""},"class_list":["post-685","page","type-page","status-publish","hentry"],"acf":[],"yoast_head":"<!-- This site is optimized with the Yoast SEO plugin v27.1.1 - https:\/\/yoast.com\/product\/yoast-seo-wordpress\/ -->\n<title>Contribuer - Foreman Art Gallery<\/title>\n<meta name=\"robots\" content=\"index, follow, max-snippet:-1, max-image-preview:large, max-video-preview:-1\" \/>\n<link rel=\"canonical\" href=\"https:\/\/foreman.ubishops.ca\/fr\/contribuer\/\" \/>\n<meta property=\"og:locale\" content=\"fr_FR\" \/>\n<meta property=\"og:type\" content=\"article\" \/>\n<meta property=\"og:title\" content=\"Contribuer - Foreman Art Gallery\" \/>\n<meta property=\"og:description\" content=\"DonationsAppui et donations La plupart des actions qui prennent lieu \u00e0 la Galerie se concr\u00e9tisent gr\u00e2ce au support d\u2019organismes et de donations priv\u00e9es. Vous pouvez \u00e9galement contribuer \u00e0 notre succ\u00e8s\u00a0 en faisant une donation, d\u00e9ductible d\u2019imp\u00f4ts \u00e0 l\u2019adresse suivante:\u00a0www.ubishops.ca\/gift. Faites attention de bien indiquer la Galerie d\u2019art Foreman dans le champ de\u00a0Designation. Votre soutien aidera [&hellip;]\" \/>\n<meta property=\"og:url\" content=\"https:\/\/foreman.ubishops.ca\/fr\/contribuer\/\" \/>\n<meta property=\"og:site_name\" content=\"Foreman Art Gallery\" \/>\n<meta property=\"article:modified_time\" content=\"2020-10-09T19:31:46+00:00\" \/>\n<meta name=\"twitter:card\" content=\"summary_large_image\" \/>\n<meta name=\"twitter:label1\" content=\"Dur\u00e9e de lecture estim\u00e9e\" \/>\n\t<meta name=\"twitter:data1\" content=\"3 minutes\" \/>\n<script type=\"application\/ld+json\" class=\"yoast-schema-graph\">{\"@context\":\"https:\/\/schema.org\",\"@graph\":[{\"@type\":\"WebPage\",\"@id\":\"https:\/\/foreman.ubishops.ca\/fr\/contribuer\/\",\"url\":\"https:\/\/foreman.ubishops.ca\/fr\/contribuer\/\",\"name\":\"Contribuer - Foreman Art Gallery\",\"isPartOf\":{\"@id\":\"https:\/\/foreman.ubishops.ca\/fr\/#website\"},\"datePublished\":\"2019-06-14T19:57:30+00:00\",\"dateModified\":\"2020-10-09T19:31:46+00:00\",\"inLanguage\":\"fr-FR\",\"potentialAction\":[{\"@type\":\"ReadAction\",\"target\":[\"https:\/\/foreman.ubishops.ca\/fr\/contribuer\/\"]}]},{\"@type\":\"WebSite\",\"@id\":\"https:\/\/foreman.ubishops.ca\/fr\/#website\",\"url\":\"https:\/\/foreman.ubishops.ca\/fr\/\",\"name\":\"Foreman Art Gallery\",\"description\":\"\",\"potentialAction\":[{\"@type\":\"SearchAction\",\"target\":{\"@type\":\"EntryPoint\",\"urlTemplate\":\"https:\/\/foreman.ubishops.ca\/fr\/?s={search_term_string}\"},\"query-input\":{\"@type\":\"PropertyValueSpecification\",\"valueRequired\":true,\"valueName\":\"search_term_string\"}}],\"inLanguage\":\"fr-FR\"}]}<\/script>\n<!-- \/ Yoast SEO plugin. -->","yoast_head_json":{"title":"Contribuer - Foreman Art Gallery","robots":{"index":"index","follow":"follow","max-snippet":"max-snippet:-1","max-image-preview":"max-image-preview:large","max-video-preview":"max-video-preview:-1"},"canonical":"https:\/\/foreman.ubishops.ca\/fr\/contribuer\/","og_locale":"fr_FR","og_type":"article","og_title":"Contribuer - Foreman Art Gallery","og_description":"DonationsAppui et donations La plupart des actions qui prennent lieu \u00e0 la Galerie se concr\u00e9tisent gr\u00e2ce au support d\u2019organismes et de donations priv\u00e9es. Vous pouvez \u00e9galement contribuer \u00e0 notre succ\u00e8s\u00a0 en faisant une donation, d\u00e9ductible d\u2019imp\u00f4ts \u00e0 l\u2019adresse suivante:\u00a0www.ubishops.ca\/gift. Faites attention de bien indiquer la Galerie d\u2019art Foreman dans le champ de\u00a0Designation. Votre soutien aidera [&hellip;]","og_url":"https:\/\/foreman.ubishops.ca\/fr\/contribuer\/","og_site_name":"Foreman Art Gallery","article_modified_time":"2020-10-09T19:31:46+00:00","twitter_card":"summary_large_image","twitter_misc":{"Dur\u00e9e de lecture estim\u00e9e":"3 minutes"},"schema":{"@context":"https:\/\/schema.org","@graph":[{"@type":"WebPage","@id":"https:\/\/foreman.ubishops.ca\/fr\/contribuer\/","url":"https:\/\/foreman.ubishops.ca\/fr\/contribuer\/","name":"Contribuer - Foreman Art Gallery","isPartOf":{"@id":"https:\/\/foreman.ubishops.ca\/fr\/#website"},"datePublished":"2019-06-14T19:57:30+00:00","dateModified":"2020-10-09T19:31:46+00:00","inLanguage":"fr-FR","potentialAction":[{"@type":"ReadAction","target":["https:\/\/foreman.ubishops.ca\/fr\/contribuer\/"]}]},{"@type":"WebSite","@id":"https:\/\/foreman.ubishops.ca\/fr\/#website","url":"https:\/\/foreman.ubishops.ca\/fr\/","name":"Foreman Art Gallery","description":"","potentialAction":[{"@type":"SearchAction","target":{"@type":"EntryPoint","urlTemplate":"https:\/\/foreman.ubishops.ca\/fr\/?s={search_term_string}"},"query-input":{"@type":"PropertyValueSpecification","valueRequired":true,"valueName":"search_term_string"}}],"inLanguage":"fr-FR"}]}},"_links":{"self":[{"href":"https:\/\/foreman.ubishops.ca\/fr\/wp-json\/wp\/v2\/pages\/685","targetHints":{"allow":["GET"]}}],"collection":[{"href":"https:\/\/foreman.ubishops.ca\/fr\/wp-json\/wp\/v2\/pages"}],"about":[{"href":"https:\/\/foreman.ubishops.ca\/fr\/wp-json\/wp\/v2\/types\/page"}],"author":[{"embeddable":true,"href":"https:\/\/foreman.ubishops.ca\/fr\/wp-json\/wp\/v2\/users\/15"}],"replies":[{"embeddable":true,"href":"https:\/\/foreman.ubishops.ca\/fr\/wp-json\/wp\/v2\/comments?post=685"}],"version-history":[{"count":23,"href":"https:\/\/foreman.ubishops.ca\/fr\/wp-json\/wp\/v2\/pages\/685\/revisions"}],"predecessor-version":[{"id":6099,"href":"https:\/\/foreman.ubishops.ca\/fr\/wp-json\/wp\/v2\/pages\/685\/revisions\/6099"}],"wp:attachment":[{"href":"https:\/\/foreman.ubishops.ca\/fr\/wp-json\/wp\/v2\/media?parent=685"}],"curies":[{"name":"wp","href":"https:\/\/api.w.org\/{rel}","templated":true}]}}